{"id":476,"date":"2022-04-07T17:20:55","date_gmt":"2022-04-07T08:20:55","guid":{"rendered":"https:\/\/ipuerto.co.jp\/?page_id=476"},"modified":"2025-11-20T11:15:09","modified_gmt":"2025-11-20T02:15:09","slug":"sample-page","status":"publish","type":"page","link":"https:\/\/ipuerto.co.jp\/","title":{"rendered":""},"content":{"rendered":"<section class=\"sec01\">\r\n<div class=\"max_w1100\">\r\n<h2>Workshops<\/h2>\r\n<div class=\"flexbox gap mt2\">\r\n<div class=\"w50\">\r\n<div>\r\n<h3>F\u00fcr Systemarchitekten: <br class=\"pc-none\" \/>\r\nOPC UA-Lehrgang<\/h3>\r\n<p>in Vorbereitung<\/p>\r\n<\/div>\r\n<div>\r\n<h3>F\u00fcr Entwickler: <br class=\"pc-none\" \/>\r\nOPC UA-Entwickler-Workshop<\/h3>\r\n<p>in Vorbereitung<\/p>\r\n<\/div>\r\n<\/div>\r\n<div class=\"w50\">\r\n<h3>Veranstaltung von Workshops<\/h3>\r\n<p>Das f\u00fcr die Industrie 4.0 empfohlene OPC UA findet derzeit weltweit viel Beachtung. So verlautbarte auch Microsoft auf der Hannover-Messe, OPC UA unterst\u00fctzen zu wollen. Unsere Workshops haben zum Ziel, Ihre grundlegenden Kenntnisse zur Entwicklung mit OPC UA zu erweitern. Hierbei lernen Sie, Open62541 (Server) als Open-Source-Implementierung f\u00fcr OPC UA auf einem Raspberry Pi zu installieren, echte Verbindungen herzustellen und OPC UA einem Funktionstest zu unterziehen.<\/p>\r\n<\/div>\r\n<\/div>\r\n<div class=\"btnbox\">\r\n<p class=\"button btn9\"><a href=\"https:\/\/www.ibress.com\/support\/seminar\/index.html#detail_05\" rel=\"noopener\" target=\"_blank\">WORKSHOP<\/a><\/p>\r\n<\/div>\r\n<div>\r\n<figure><img loading=\"lazy\" decoding=\"async\" src=\"\/struct\/wp-content\/uploads\/workshop_2-80-min.jpg\" alt=\"\" width=\"1000\" height=\"470\" class=\"aligncenter size-full wp-image-127\" \/><\/figure>\r\n<\/div>\r\n<\/div>\r\n<\/section>\r\n<section class=\"sec02\">\r\n<div class=\"max_w1100\">\r\n<h2>Dienstleistungen<\/h2>\r\n<div class=\"flexbox gap3\"><a class=\"service_box\" href=\"\/de\/industry\/\">\r\n<figure><img loading=\"lazy\" decoding=\"async\" src=\"\/struct\/wp-content\/uploads\/service-iot.jpg\" alt=\"\" width=\"358\" height=\"240\" class=\"aligncenter size-full wp-image-133\" srcset=\"https:\/\/ipuerto.co.jp\/struct\/wp-content\/uploads\/service-iot.jpg 358w, https:\/\/ipuerto.co.jp\/struct\/wp-content\/uploads\/service-iot-300x200.jpg 300w, https:\/\/ipuerto.co.jp\/struct\/wp-content\/uploads\/service-iot-228x152.jpg 228w\" sizes=\"auto, (max-width: 358px) 100vw, 358px\" \/><\/figure>\r\n<p>IoT-Technologie f\u00fcr die Industrie<\/p>\r\n<\/a> <a class=\"service_box\" href=\"\/de\/products\/\">\r\n<figure><img loading=\"lazy\" decoding=\"async\" src=\"\/struct\/wp-content\/uploads\/service-pdt.jpg\" alt=\"\" width=\"358\" height=\"240\" class=\"aligncenter size-full wp-image-134\" srcset=\"https:\/\/ipuerto.co.jp\/struct\/wp-content\/uploads\/service-pdt.jpg 358w, https:\/\/ipuerto.co.jp\/struct\/wp-content\/uploads\/service-pdt-300x200.jpg 300w, https:\/\/ipuerto.co.jp\/struct\/wp-content\/uploads\/service-pdt-228x152.jpg 228w\" sizes=\"auto, (max-width: 358px) 100vw, 358px\" \/><\/figure>\r\n<p>Produkte<\/p>\r\n<\/a> <a class=\"service_box\" href=\"\/solution_development\/\">\r\n<figure><img loading=\"lazy\" decoding=\"async\" src=\"\/struct\/wp-content\/uploads\/service-gaku.jpg\" alt=\"\" width=\"358\" height=\"240\" class=\"aligncenter size-full wp-image-135\" srcset=\"https:\/\/ipuerto.co.jp\/struct\/wp-content\/uploads\/service-gaku.jpg 358w, https:\/\/ipuerto.co.jp\/struct\/wp-content\/uploads\/service-gaku-300x200.jpg 300w, https:\/\/ipuerto.co.jp\/struct\/wp-content\/uploads\/service-gaku-228x152.jpg 228w\" sizes=\"auto, (max-width: 358px) 100vw, 358px\" \/><\/figure>\r\n<p>L\u00f6sungen<\/p>\r\n<\/a><\/div>\r\n<\/div>\r\n<\/section>\r\n<section class=\"sec03\">\r\n<div class=\"flexbox gap max_w1100\">\r\n<div class=\"w40\">\r\n<h2>IoT-Technologie f\u00fcr die Industrie<\/h2>\r\n<p>Die gr\u00f6\u00dfte Aufgabe bei der Verwirklichung der Industrie 4.0 bestand in der Standardisierung. Insbesondere gab es bei Ger\u00e4ten f\u00fcr die Industrie in vielen F\u00e4llen unterschiedliche propriet\u00e4re Standards f\u00fcr die Daten\u00fcbertragung; diese noch zus\u00e4tzlich mit IT-Systemen (z.B. dem Basissystem ERP) zu koppeln war besonders knifflig. Doch dann wurde OPC UA als zentrales Daten\u00fcbertragungsprotokoll f\u00fcr das IoT-Zeitalter eingef\u00fchrt, das mit seiner universellen Anwendbarkeit und hoher Flexibilit\u00e4t solche Aufgaben l\u00f6sen kann.<\/p>\r\n<\/div>\r\n<div class=\"w60\">\r\n<div class=\"flexbox gap3 ai-center\">\r\n<div>\r\n<h3>Bedeutung von OPC UA<\/h3>\r\n<p>OPC UA ist ein hochgradig skalierbarer plattformunabh\u00e4ngiger OPC-Daten\u00fcbertragungsstandard der n\u00e4chsten Generation, der die \u00dcberlegenheit von OPC Classic mit exponentiell verbesserter Sicherheit und Datenkompatibilit\u00e4t weiterf\u00fchrt.<\/p>\r\n<\/div>\r\n<div>\r\n<p class=\"button btn9\"><a href=\"\/de\/industry\/opc-ua01\/\">MORE INFO<\/a><\/p>\r\n<\/div>\r\n<\/div>\r\n<div class=\"flexbox gap3 ai-center\">\r\n<div>\r\n<h3>OPC UA im \u00dcberblick<\/h3>\r\n<p>Da OPC UA nur das \u201eWie\u201c (als sichere Verbindungsmethode) definiert, kann der Benutzer v\u00f6llig frei definieren, \u201ewas\u201c miteinander verbunden werden soll.<\/p>\r\n<\/div>\r\n<div>\r\n<p class=\"button btn9\"><a href=\"\/de\/industry\/opc-ua02\/\">MORE INFO<\/a><\/p>\r\n<\/div>\r\n<\/div>\r\n<div class=\"flexbox gap3 ai-center\">\r\n<div>\r\n<h3>Entwicklung von OPC UA<\/h3>\r\n<p>Indem nicht nur in der OT-Sph\u00e4re in Ihrem jeweiligen Arbeitsbereich, sondern auch bei bislang noch nie miteinander verbundenen Bereichen und Produkten die gemeinsame Nutzung und Kopplung von Daten m\u00f6glich geworden ist, sind auch v\u00f6llig neue Waren und Dienstleistungen entstanden.<\/p>\r\n<\/div>\r\n<div>\r\n<p class=\"button btn9\"><a href=\"\/de\/industry\/opc-ua03\/\">MORE INFO<\/a><\/p>\r\n<\/div>\r\n<\/div>\r\n<\/div>\r\n<\/div>\r\n<div>\r\n<figure><img loading=\"lazy\" decoding=\"async\" src=\"\/struct\/wp-content\/uploads\/top-back-iot.jpg\" alt=\"\" width=\"1100\" height=\"478\" class=\"aligncenter size-full wp-image-147\" \/><\/figure>\r\n<\/div>\r\n<\/section>\r\n<section class=\"sec04\">\r\n<div class=\"flexbox gap max_w1100\">\r\n<div class=\"w40\">\r\n<h2>Produkte<\/h2>\r\n<p>Der von uns entwickelte UA Monitor ist ein OPC UA-Client, der als Excel-Addon \u00fcber den f\u00fcr die Industrie 4.0 unumg\u00e4nglich gewordenen Daten\u00fcbertragungsstandard OPC UA kommuniziert, um sicher und komfortabel Daten mit dem OPC UA-Server auszutauschen.<\/p>\r\n<\/div>\r\n<div class=\"w60\">\r\n<div class=\"flexbox gap3 ai-center\">\r\n<div>\r\n<h3>OPC UA<\/h3>\r\n<p>OPC UA wurde vom Bundesamt f\u00fcr Sicherheit in der Informationstechnik (BSI) in Deutschland (wo der Begriff \u201eIndustrie 4.0\u201c zuerst gepr\u00e4gt wurde) und vom US-amerikanischen National Institute of Standards and Technology (NIST) als sicher bewertet und wird auch objektiv als sehr sicher eingestuft. Auch f\u00fchrende private Sicherheitsunternehmen wissen den Wert von OPC UA zu sch\u00e4tzen.<\/p>\r\n<\/div>\r\n<div>\r\n<p class=\"button btn9\"><a href=\"\/de\/products\/opc-ua\/\">MORE INFO<\/a><\/p>\r\n<\/div>\r\n<\/div>\r\n<div class=\"flexbox gap3 ai-center\">\r\n<div>\r\n<h3>UA Monitor<\/h3>\r\n<p>UA Monitor stellt eine Client-Software f\u00fcr OPC UA dar, die den Datenaustausch mit dem OPC UA-Server direkt in Microsoft Excel vollf\u00fchrt. Nach der Verbindung mit dem OPC UA-Server kann der aus dem Alltag bereits an Excel gew\u00f6hnte Benutzer auf einfache Weise und v\u00f6llig frei damit arbeiten.<\/p>\r\n<\/div>\r\n<div>\r\n<p class=\"button btn9\"><a href=\"\/de\/products\/ua-monitor\/\">MORE INFO<\/a><\/p>\r\n<\/div>\r\n<\/div>\r\n<div class=\"flexbox gap3 ai-center\">\r\n<div>\r\n<h3>UA Recorder<\/h3>\r\n<p>PUERTO UA Recorder funktioniert als auf dem PC residenter und startender Agent. Er kann auf einfache Weise Daten in Text- oder Datenbankformat mit OPC UA-Servern austauschen, um sie abzurufen oder auszugeben.<\/p>\r\n<\/div>\r\n<div>\r\n<p class=\"button btn9\"><a href=\"\/de\/products\/ua-recorder\/\">MORE INFO<\/a><\/p>\r\n<\/div>\r\n<\/div>\r\n<div class=\"flexbox gap3 ai-center\">\r\n<div>\r\n<h3>Client CORE<\/h3>\r\n<p>Die OPC UA-Elemente von UA Monitor und UA Recorder stellen wir in modularisierter Form (dll) bereit. So k\u00f6nnen Sie hochqualitative Kommunikationsmodule f\u00fcr OPC UA-Clients in die Anwendungen Ihres Betriebs einbetten und hierdurch ganz einfach Ihre ureigene OPC UA-Client-Software erstellen.<\/p>\r\n<\/div>\r\n<div>\r\n<p class=\"button btn9\"><a href=\"\/products\/client-core\/\">MORE INFO<\/a><\/p>\r\n<\/div>\r\n<\/div>\r\n<\/div>\r\n<\/div>\r\n<div>\r\n<figure><img loading=\"lazy\" decoding=\"async\" src=\"\/struct\/wp-content\/uploads\/top-back-pro.jpg\" alt=\"\" width=\"1100\" height=\"526\" class=\"aligncenter size-full wp-image-148\" \/><\/figure>\r\n<\/div>\r\n<\/section>\r\n<section class=\"sec05\">\r\n<div class=\"flexbox gap max_w1100\">\r\n<div class=\"w40\">\r\n<h2>L\u00f6sungen<\/h2>\r\n<p>Wir bieten Ihnen die n\u00f6tigen Dienstleistungen f\u00fcr die Entwicklung industrieller Anwendungen. Zusammen mit unseren Partnern versorgen wir als Software-Anbieter Sie, ganz Ihren Bed\u00fcrfnissen entsprechend, mit gebrauchsfertigen L\u00f6sungen.<\/p>\r\n<\/div>\r\n<div class=\"w60\">\r\n<div class=\"flexbox gap3 ai-center\">\r\n<div>\r\n<h3>Entwicklung<\/h3>\r\n<p>Spezialisiert auf Produktentwicklung und Systemaufbau mit Schwerpunkt OPC UA, sind wir in der Lage, Sie in Fragen zur Entwicklung unter Verwendung unserer Produkte ebenso zu beraten wie zu einer schnellstm\u00f6glichen Entwicklung von Systemen, die die Besonderheiten von OPC UA optimal aussch\u00f6pfen.<\/p>\r\n<\/div>\r\n<div>\r\n<p class=\"button btn9\"><a href=\"\/solution_development\/\">MORE INFO<\/a><\/p>\r\n<\/div>\r\n<\/div>\r\n<div class=\"flexbox gap3 ai-center\">\r\n<div>\r\n<h3>Ingenieurwesen<\/h3>\r\n<p>Die Zahlen der Cyberangriffe auf industrielle Infrastrukturen befinden sich weiterhin im Anstieg. Daher wird auch im Bereich der industriellen Kontrollsysteme (ICS) Cybersicherheit zu einem immer wichtigeren Thema. Mit Hilfe von Systemen, die auf der ganzen Welt verwendet werden, bieten wir Ihnen sichere Netzwerktechnik.<\/p>\r\n<\/div>\r\n<div>\r\n<p class=\"button btn9\"><a href=\"\/solution_engineering\/\">MORE INFO<\/a><\/p>\r\n<\/div>\r\n<\/div>\r\n<\/div>\r\n<\/div>\r\n<div>\r\n<figure><img loading=\"lazy\" decoding=\"async\" src=\"\/struct\/wp-content\/uploads\/solution-80-min.jpg\" alt=\"\" width=\"723\" height=\"397\" class=\"aligncenter size-full wp-image-129\" \/><\/figure>\r\n<\/div>\r\n<\/section>\r\n<section class=\"sec06\">\r\n<p>PUERTO challenges <br class=\"pc-none\" \/>\r\nnew value creation<\/p>\r\n<\/section>\r\n<section class=\"sec07\">\r\n<div class=\"flexbox\">\r\n<div class=\"w50\"><iframe width=\"100%\" height=\"460\" style=\"border: 0;\" src=\"https:\/\/www.google.com\/maps\/embed?pb=!1m18!1m12!1m3!1d3241.413961392298!2d139.75422031525823!3d35.65420228020114!2m3!1f0!2f0!3f0!3m2!1i1024!2i768!4f13.1!3m3!1m2!1s0x60188bc8a2367b4f%3A0xb934b6471580bc51!2z44CSMTAwLTAwNjMg5p2x5Lqs6YO95paw5a-655S677yS5LiB55uu77yT4oiS77yX!5e0!3m2!1sja!2sjp!4v1697538933842!5m2!1sja!2sjp\" allowfullscreen=\"allowfullscreen\" loading=\"lazy\"><\/iframe><\/div>\r\n<div class=\"w50\">\r\n<h3>Puerto Co., Ltd.<\/h3>\r\n<h4>Hauptsitz<\/h4>\r\n<p>PMO Hamamatsucho 10F, 2-5-5 Hamamatsucho, Minato-ku, Tokyo 105-0013, Japan<\/p>\r\n<h4>Hashimoto-Labor<\/h4>\r\n<p>Suite #1206, SIC-1, 5-4-21 Nishi-Hashimoto, Midori-ku, Sagamihara, Kanagawa <span>252-0131<\/span>, Japan<\/p>\r\n<h4>Hashimoto-Systementwicklungsb\u00fcro<\/h4>\r\n<p>Suite #2207, SIC-2, 5-4-30 Nishi-Hashimoto, Midori-ku, Sagamihara, Kanagawa 252-0131, Japan<\/p>\r\n<\/div>\r\n<\/div>\r\n<\/section>\r\n<section class=\"sec08\">\r\n<div class=\"flexbox gap\">\r\n<figure><a href=\"https:\/\/opcfoundation.org\/\"><img loading=\"lazy\" decoding=\"async\" src=\"\/struct\/wp-content\/uploads\/bun03.jpg\" alt=\"\" width=\"190\" height=\"90\" class=\"aligncenter size-full wp-image-159\" \/><\/a><\/figure>\r\n<figure><a href=\"https:\/\/www.ibress.com\/\"><img loading=\"lazy\" decoding=\"async\" src=\"\/struct\/wp-content\/uploads\/bun01.jpg\" alt=\"\" width=\"190\" height=\"90\" class=\"aligncenter size-full wp-image-157\" \/><\/a><\/figure>\r\n<figure><a href=\"https:\/\/skkynet.com\/\"><img loading=\"lazy\" decoding=\"async\" src=\"\/struct\/wp-content\/uploads\/bun02.jpg\" alt=\"\" width=\"190\" height=\"90\" class=\"aligncenter size-full wp-image-158\" \/><\/a><\/figure>\r\n<\/div>\r\n<\/section>","protected":false},"excerpt":{"rendered":"Workshops F\u00fcr Systemarchitekten: OPC UA-Lehrgang in Vorbereitung F\u00fcr Entwickler: OPC UA-Entwickler-Workshop in ...","protected":false},"author":2,"featured_media":0,"parent":0,"menu_order":0,"comment_status":"open","ping_status":"open","template":"page-topfix.php","meta":{"_acf_changed":false,"_monsterinsights_skip_tracking":false,"_monsterinsights_sitenote_active":false,"_monsterinsights_sitenote_note":"","_monsterinsights_sitenote_category":0,"_locale":"de_DE","_original_post":"2","footnotes":""},"class_list":["post-476","page","type-page","status-publish","hentry","de-DE"],"acf":[],"aioseo_notices":[],"_links":{"self":[{"href":"https:\/\/ipuerto.co.jp\/wp-json\/wp\/v2\/pages\/476","targetHints":{"allow":["GET"]}}],"collection":[{"href":"https:\/\/ipuerto.co.jp\/wp-json\/wp\/v2\/pages"}],"about":[{"href":"https:\/\/ipuerto.co.jp\/wp-json\/wp\/v2\/types\/page"}],"author":[{"embeddable":true,"href":"https:\/\/ipuerto.co.jp\/wp-json\/wp\/v2\/users\/2"}],"replies":[{"embeddable":true,"href":"https:\/\/ipuerto.co.jp\/wp-json\/wp\/v2\/comments?post=476"}],"version-history":[{"count":19,"href":"https:\/\/ipuerto.co.jp\/wp-json\/wp\/v2\/pages\/476\/revisions"}],"predecessor-version":[{"id":1847,"href":"https:\/\/ipuerto.co.jp\/wp-json\/wp\/v2\/pages\/476\/revisions\/1847"}],"wp:attachment":[{"href":"https:\/\/ipuerto.co.jp\/wp-json\/wp\/v2\/media?parent=476"}],"curies":[{"name":"wp","href":"https:\/\/api.w.org\/{rel}","templated":true}]}}