{"id":527,"date":"2022-04-23T14:51:28","date_gmt":"2022-04-23T05:51:28","guid":{"rendered":"https:\/\/ipuerto.co.jp\/?page_id=527"},"modified":"2025-11-20T11:20:33","modified_gmt":"2025-11-20T02:20:33","slug":"company","status":"publish","type":"page","link":"https:\/\/ipuerto.co.jp\/de\/company\/","title":{"rendered":"Unternehmens\u00fcbersicht"},"content":{"rendered":"<section class=\"sec01 mb4 max_w1100\">\r\n<h2>Unternehmens\u00fcbersicht<\/h2>\r\n<table class=\"wp-block-table table03 margin-btm-l\">\r\n<tbody>\r\n<tr>\r\n<th>Unternehmensname<\/th>\r\n<td>Kabushikigaisha Puerto<\/td>\r\n<\/tr>\r\n<tr>\r\n<th>Internationale Schreibweise<\/th>\r\n<td>Puerto Co., Ltd.<\/td>\r\n<\/tr>\r\n<tr>\r\n<th>Anschrift<\/th>\r\n<td>\u25a0Hauptsitz<br \/>\r\nPMO Hamamatsucho 10F, 2-5-5 Hamamatsucho, Minato-ku, Tokyo 105-0013<br \/>\r\n<p>&nbsp;<\/p>\r\n<p>\u25a0Hashimoto-Labor<br \/>\r\nSuite #1206, SIC-1, 5-4-21 Nishi-Hashimoto, Midori-ku, Sagamihara, Kanagawa 252-0131, Japan<\/p>\r\n<p>&nbsp;<\/p>\r\n<p>\u25a0Hashimoto-Systementwicklungsb\u00fcro<br \/>\r\nSuite #2207, SIC-2, 5-4-30 Nishi-Hashimoto, Midori-ku, Sagamihara, Kanagawa 252-0131, Japan<\/p>\r\n<\/td>\r\n<\/tr>\r\n<tr>\r\n<th>Gesch\u00e4ftsf\u00fchrung<\/th>\r\n<td>Toshiaki Honda (Repr\u00e4sentativdirektor)<\/td>\r\n<\/tr>\r\n<tr>\r\n<th>Direktoren<\/th>\r\n<td>Yoshikuni Fujita (Repr\u00e4sentativdirektor BellChild Co., Ltd.)<\/td>\r\n<\/tr>\r\n<tr>\r\n<th>Kapital<\/th>\r\n<td>JPY 3.050.000<\/td>\r\n<\/tr>\r\n<tr>\r\n<th>Gr\u00fcndungsdatum<\/th>\r\n<td>2015\/6\/8<\/td>\r\n<\/tr>\r\n<tr>\r\n<th>Bankverbindung<\/th>\r\n<td>Sumitomo Mitsui Banking Corporation, Filiale Machida<\/td>\r\n<\/tr>\r\n<tr>\r\n<th>Verbundene Unternehmen<\/th>\r\n<td><a href=\"http:\/\/www.bell-c.co.jp\/\" target=\"_blank\" rel=\"noopener noreferrer\">BellChild Co., Ltd.<\/a><\/td>\r\n<\/tr>\r\n<tr>\r\n<th>Verbundene Einrichtungen<\/th>\r\n<td>\r\n<p><a rel=\"noopener noreferrer\" href=\"https:\/\/bell-c.co.jp\/thundercloud\/\" target=\"_blank\">Thunder Cloud Alliance<\/a><\/p>\r\n<p><a href=\"https:\/\/opcfoundation.org\/\" rel=\"noopener\" target=\"_blank\">OPC Foundation<\/a><\/p>\r\n<p><a href=\"https:\/\/jp.opcfoundation.org\/\">OPC Foundation Japan Corporate Member<\/a><\/p>\r\n<p><a href=\"https:\/\/www.nitech.ac.jp\/research\/project\/dx.html\">Monozukuri DX Forschungsinstitut - Nagoya Institute of Technology Nationale Universit\u00e4t<\/a><\/p>\r\n<p><a href=\"https:\/\/skkynet.com\/\" rel=\"noopener\" target=\"_blank\">Skkynet UA Lab<\/a><\/p>\r\n<p><a href=\"https:\/\/sme.web.nitech.ac.jp\/page-21\/page-1007\/\" rel=\"noopener\" target=\"_blank\">Hamaguchi-Labor<\/a>\u00a0,\u00a0<a href=\"https:\/\/shakai.web.nitech.ac.jp\/en\/\">Nagoya Institute of Technology, Abteilung f\u00fcr Sozialtechnik, Bereich Managementsysteme<\/a><\/p>\r\n<\/td>\r\n<\/tr>\r\n<\/tbody>\r\n<\/table>\r\n<\/section>\r\n<section class=\"sec02 mt4 mb4 max_w1100\">\r\n<h2>Philosophie und \u00dcbersicht \u00fcber gesch\u00e4ftliche Aktivit\u00e4ten<\/h2>\r\n<div class=\"flexbox ai-center colorbox01 mb2\">\r\n<h3 class=\"w40\">Unternehmensphilosophie<\/h3>\r\n<b class=\"w60\">Wir betrachten uns als gefordert, neue Werte zu sch\u00f6pfen und streben, gemeinsam mit unserem Beitrag zu Fortschritt und Entwicklung der Gesellschaft, nach geistigem und k\u00f6rperlichem Wohlergehen aller Mitarbeiter.<\/b><\/div>\r\n<div class=\"flexbox ai-center colorbox01\">\r\n<h3 class=\"w30\">Gesch\u00e4ftliche Aktivit\u00e4ten<\/h3>\r\n<ul class=\"w70 disc\">\r\n\t<li>Herstellung und Verkauf von Hard- und Software f\u00fcr Computer<\/li>\r\n\t<li>Wartungs- und Inspektionsservice f\u00fcr Hard- und Software f\u00fcr Computer<\/li>\r\n\t<li>Versandhandel \u00fcber das Internet<\/li>\r\n\t<li>Ver\u00f6ffentlichung von Fachliteratur \u00fcber Computer und Internet<\/li>\r\n<\/ul>\r\n<\/div>\r\n<\/section>\r\n<section class=\"sec07 mt4\">\r\n<div class=\"flexbox\">\r\n<div class=\"w50\"><iframe width=\"100%\" height=\"460\" style=\"border: 0;\" src=\"https:\/\/www.google.com\/maps\/embed?pb=!1m18!1m12!1m3!1d3241.413961392298!2d139.75422031525823!3d35.65420228020114!2m3!1f0!2f0!3f0!3m2!1i1024!2i768!4f13.1!3m3!1m2!1s0x60188bc8a2367b4f%3A0xb934b6471580bc51!2z44CSMTAwLTAwNjMg5p2x5Lqs6YO95paw5a-655S677yS5LiB55uu77yT4oiS77yX!5e0!3m2!1sja!2sjp!4v1697538933842!5m2!1sja!2sjp\" allowfullscreen=\"allowfullscreen\" loading=\"lazy\"><\/iframe><\/div>\r\n<div class=\"w50\">\r\n<h3>Kabushikigaisha Puerto<\/h3>\r\n<h4>Hauptsitz<\/h4>\r\n<p>PMO Hamamatsucho 10F, 2-5-5 Hamamatsucho, Minato-ku, Tokyo 105-0013<\/p>\r\n<h4>Hashimoto-Labor<\/h4>\r\n<p>Suite #1206, SIC-1, 5-4-21 Nishi-Hashimoto, Midori-ku, Sagamihara, Kanagawa 252-0131, Japan<\/p>\r\n<h4>Hashimoto-Systementwicklungsb\u00fcro<\/h4>\r\n<p>Suite #2207, SIC-2, 5-4-30 Nishi-Hashimoto, Midori-ku, Sagamihara, Kanagawa 252-0131, Japan<\/p>\r\n<\/div>\r\n<\/div>\r\n<\/section>\r\n<section class=\"sec08\">\r\n<div class=\"flexbox gap\">\r\n<figure><a href=\"#\"><img loading=\"lazy\" decoding=\"async\" src=\"\/struct\/wp-content\/uploads\/bun01.jpg\" alt=\"\" width=\"190\" height=\"90\" class=\"aligncenter size-full wp-image-157\" \/><\/a><\/figure>\r\n<figure><a href=\"#\"><img loading=\"lazy\" decoding=\"async\" src=\"\/struct\/wp-content\/uploads\/bun02.jpg\" alt=\"\" width=\"190\" height=\"90\" class=\"aligncenter size-full wp-image-158\" \/><\/a><\/figure>\r\n<figure><a href=\"#\"><img loading=\"lazy\" decoding=\"async\" src=\"\/struct\/wp-content\/uploads\/bun03.jpg\" alt=\"\" width=\"190\" height=\"90\" class=\"aligncenter size-full wp-image-159\" \/><\/a><\/figure>\r\n<\/div>\r\n<\/section>","protected":false},"excerpt":{"rendered":"Unternehmens\u00fcbersicht Unternehmensname Kabushikigaisha Puerto Internationale Schreibweise Puerto Co., Ltd. Ans ...","protected":false},"author":2,"featured_media":174,"parent":0,"menu_order":100,"comment_status":"closed","ping_status":"closed","template":"page-nosidebar-fullwidththumb-h1.php","meta":{"_acf_changed":false,"_monsterinsights_skip_tracking":false,"_monsterinsights_sitenote_active":false,"_monsterinsights_sitenote_note":"","_monsterinsights_sitenote_category":0,"_locale":"de_DE","_original_post":"49","footnotes":""},"class_list":["post-527","page","type-page","status-publish","has-post-thumbnail","hentry","de-DE"],"acf":[],"aioseo_notices":[],"_links":{"self":[{"href":"https:\/\/ipuerto.co.jp\/wp-json\/wp\/v2\/pages\/527","targetHints":{"allow":["GET"]}}],"collection":[{"href":"https:\/\/ipuerto.co.jp\/wp-json\/wp\/v2\/pages"}],"about":[{"href":"https:\/\/ipuerto.co.jp\/wp-json\/wp\/v2\/types\/page"}],"author":[{"embeddable":true,"href":"https:\/\/ipuerto.co.jp\/wp-json\/wp\/v2\/users\/2"}],"replies":[{"embeddable":true,"href":"https:\/\/ipuerto.co.jp\/wp-json\/wp\/v2\/comments?post=527"}],"version-history":[{"count":16,"href":"https:\/\/ipuerto.co.jp\/wp-json\/wp\/v2\/pages\/527\/revisions"}],"predecessor-version":[{"id":1850,"href":"https:\/\/ipuerto.co.jp\/wp-json\/wp\/v2\/pages\/527\/revisions\/1850"}],"wp:featuredmedia":[{"embeddable":true,"href":"https:\/\/ipuerto.co.jp\/wp-json\/wp\/v2\/media\/174"}],"wp:attachment":[{"href":"https:\/\/ipuerto.co.jp\/wp-json\/wp\/v2\/media?parent=527"}],"curies":[{"name":"wp","href":"https:\/\/api.w.org\/{rel}","templated":true}]}}