{"id":529,"date":"2022-04-23T14:45:58","date_gmt":"2022-04-23T05:45:58","guid":{"rendered":"https:\/\/ipuerto.co.jp\/?page_id=529"},"modified":"2022-05-20T12:31:36","modified_gmt":"2022-05-20T03:31:36","slug":"industry","status":"publish","type":"page","link":"https:\/\/ipuerto.co.jp\/de\/industry\/","title":{"rendered":"IoT-Technologie f\u00fcr die Industrie"},"content":{"rendered":"<div class=\"childpost parent_page mb4\"> \r\n  <!-- .child_page_block -->\r\n  <div class=\"column2_50\">\r\n    <div class=\"child_page_blockInner\">\r\n      <header>\r\n        <h2 class=\"ctitle3\"><a href=\"\/de\/industry\/opc-ua01\/\">Bedeutung von OPC UA<\/a><\/h2>\r\n      <\/header>\r\n      <div class=\"thumbImage\">\r\n        <div class=\"thumbImageInner\"> <a href=\"\/de\/industry\/opc-ua01\/\"><img loading=\"lazy\" decoding=\"async\" src=\"https:\/\/ipuerto.co.jp\/struct\/wp-content\/uploads\/shutterstock_1551453614-1.jpg\" alt=\"\" width=\"1000\" height=\"560\" class=\"aligncenter size-full wp-image-428\" \/><\/a> <\/div>\r\n      <\/div>\r\n      <!-- [ \/.thumbImage ] -->\r\n      <div class=\"childText\"> Bedeutung von OPC UA\r\nErscheinen von OPC Classic Vor Erscheinen von OPC Classic Daten zwischen Ger\u00e4ten auf unterschiedlichen Plattformen zu \u00fcbertragen und zu teilen ist \u00e4u\u00dferst umst\u00e4ndlich. Dazu ist das Erstellen eigener Programme erforderlich. OPC Classic...\r\n        <div class=\"morelink\"><a href=\"\/de\/industry\/opc-ua01\/\">Zu den Details<\/a><\/div>\r\n      <\/div>\r\n    <\/div>\r\n  <\/div>\r\n  <!-- \/.child_page_block --> \r\n  <!-- .child_page_block -->\r\n  <div class=\"column2_50\">\r\n    <div class=\"child_page_blockInner\">\r\n      <header>\r\n        <h2 class=\"ctitle3\"><a href=\"\/de\/industry\/opc-ua02\/\">OPC UA im \u00dcberblick<\/a><\/h2>\r\n      <\/header>\r\n      <div class=\"thumbImage\">\r\n        <div class=\"thumbImageInner\"> <a href=\"\/de\/industry\/opc-ua02\/\"><img loading=\"lazy\" decoding=\"async\" src=\"https:\/\/ipuerto.co.jp\/struct\/wp-content\/uploads\/shutterstock_590291639-1.jpg\" alt=\"\" width=\"1000\" height=\"560\" class=\"aligncenter size-full wp-image-429\" \/><\/a> <\/div>\r\n      <\/div>\r\n      <!-- [ \/.thumbImage ] -->\r\n      <div class=\"childText\"> OPC UA im \u00dcberblick Konzept von OPC UA Konzipiert wie eine Rohrleitung Da OPC UA nur das \u201eWie\u201c (als sichere Verbindungsmethode) definiert, kann der Benutzer v\u00f6llig frei definieren, \u201ewas\u201c miteinander verbunden werden soll.Je nach Datenmodell\u2026\r\n        <div class=\"morelink\"><a href=\"\/de\/industry\/opc-ua02\/\">Zu den Details<\/a><\/div>\r\n      <\/div>\r\n    <\/div>\r\n  <\/div>\r\n  <!-- \/.child_page_block --> \r\n  <!-- .child_page_block -->\r\n  <div class=\"column2_50\">\r\n    <div class=\"child_page_blockInner\">\r\n      <header>\r\n        <h2 class=\"ctitle3\"><a href=\"\/de\/industry\/opc-ua03\/\">Entwicklung von OPC UA<\/a><\/h2>\r\n      <\/header>\r\n      <div class=\"thumbImage\">\r\n        <div class=\"thumbImageInner\"> <a href=\"\/de\/industry\/opc-ua03\/\"><img loading=\"lazy\" decoding=\"async\" src=\"https:\/\/ipuerto.co.jp\/struct\/wp-content\/uploads\/shutterstock_1031648011-1.jpg\" alt=\"\" width=\"1000\" height=\"560\" class=\"aligncenter size-full wp-image-430\" \/><\/a> <\/div>\r\n      <\/div>\r\n      <!-- [ \/.thumbImage ] -->\r\n      <div class=\"childText\"> Entwicklung von OPC UA Die gr\u00f6\u00dfte Aufgabe bei der Verwirklichung bzw. Implementierung der Industrie 4.0 bestand in der Standardisierung. Insbesondere gab es bei Ger\u00e4ten f\u00fcr die Industrie in vielen F\u00e4llen unterschiedliche propriet\u00e4re Standards f\u00fcr die Daten\u00fcbertragung; diese noch zus\u00e4tzlich mit IT-Systemen (z.B. dem Basissystem ERP) zu koppeln war besonders knifflig.\r\n        <div class=\"morelink\"><a href=\"\/de\/industry\/opc-ua03\/\">Zu den Details<\/a><\/div>\r\n      <\/div>\r\n    <\/div>\r\n  <\/div>\r\n  <!-- \/.child_page_block --> \r\n<\/div>\r\n","protected":false},"excerpt":{"rendered":"Bedeutung von OPC UA Bedeutung von OPC UA Erscheinen von OPC Classic Vor Erscheinen von OPC Classic Daten zwis ...","protected":false},"author":2,"featured_media":173,"parent":0,"menu_order":0,"comment_status":"closed","ping_status":"closed","template":"page-nosidebar-fullthumb-h1.php","meta":{"_acf_changed":false,"_monsterinsights_skip_tracking":false,"_monsterinsights_sitenote_active":false,"_monsterinsights_sitenote_note":"","_monsterinsights_sitenote_category":0,"_locale":"de_DE","_original_post":"406","footnotes":""},"class_list":["post-529","page","type-page","status-publish","has-post-thumbnail","hentry","de-DE"],"acf":[],"aioseo_notices":[],"_links":{"self":[{"href":"https:\/\/ipuerto.co.jp\/wp-json\/wp\/v2\/pages\/529","targetHints":{"allow":["GET"]}}],"collection":[{"href":"https:\/\/ipuerto.co.jp\/wp-json\/wp\/v2\/pages"}],"about":[{"href":"https:\/\/ipuerto.co.jp\/wp-json\/wp\/v2\/types\/page"}],"author":[{"embeddable":true,"href":"https:\/\/ipuerto.co.jp\/wp-json\/wp\/v2\/users\/2"}],"replies":[{"embeddable":true,"href":"https:\/\/ipuerto.co.jp\/wp-json\/wp\/v2\/comments?post=529"}],"version-history":[{"count":4,"href":"https:\/\/ipuerto.co.jp\/wp-json\/wp\/v2\/pages\/529\/revisions"}],"predecessor-version":[{"id":823,"href":"https:\/\/ipuerto.co.jp\/wp-json\/wp\/v2\/pages\/529\/revisions\/823"}],"wp:featuredmedia":[{"embeddable":true,"href":"https:\/\/ipuerto.co.jp\/wp-json\/wp\/v2\/media\/173"}],"wp:attachment":[{"href":"https:\/\/ipuerto.co.jp\/wp-json\/wp\/v2\/media?parent=529"}],"curies":[{"name":"wp","href":"https:\/\/api.w.org\/{rel}","templated":true}]}}