{"id":535,"date":"2022-04-23T15:19:31","date_gmt":"2022-04-23T06:19:31","guid":{"rendered":"https:\/\/ipuerto.co.jp\/?page_id=535"},"modified":"2022-05-06T16:09:41","modified_gmt":"2022-05-06T07:09:41","slug":"opc-ua01","status":"publish","type":"page","link":"https:\/\/ipuerto.co.jp\/de\/industry\/opc-ua01\/","title":{"rendered":"Bedeutung von OPC UA"},"content":{"rendered":"<section class=\"sec01\">\r\n\t<div>\r\n\t\t<h2>Bedeutung von OPC UA<\/h2>\r\n\t\t<div class=\"h3box\">\r\n\t\t\t<h3>Erscheinen von OPC Classic<\/h3>\r\n\t\t\t<div class=\"flexbox border-box\">\r\n\t\t\t\t<div class=\"w40\">\r\n\t\t\t\t\t<h4>Vor Erscheinen von OPC Classic<\/h4>\r\n\t\t\t\t\t<p>Daten zwischen Ger\u00e4ten auf unterschiedlichen Plattformen zu \u00fcbertragen und zu teilen ist \u00e4u\u00dferst umst\u00e4ndlich. Dazu ist das Erstellen eigener Programme erforderlich.<\/p>\r\n\t\t\t\t<\/div>\r\n\t\t\t\t<figure class=\"w60\"><img loading=\"lazy\" decoding=\"async\" src=\"\/struct\/wp-content\/uploads\/iot01_de.jpg\" alt=\"\" width=\"554\" height=\"189\" class=\"aligncenter size-full wp-image-186\" \/><\/figure>\r\n\t\t\t<\/div>\r\n\t\t<\/div>\r\n\t\t<div><span class=\"dli-caret-down02\"><\/span><\/div>\r\n\t\t<div class=\"h3box mb3\">\r\n\t\t\t<div class=\"flexbox border-box mb1\">\r\n\t\t\t\t<div class=\"w40\">\r\n\t\t\t\t\t<h4>Erscheinen von OPC Classic<\/h4>\r\n\t\t\t\t\t<p>Ohne jegliches Erstellen eigener Programme k\u00f6nnen dank eines einheitlichen Standards die Ger\u00e4te miteinander verbunden werden. Als Benutzer k\u00f6nnen Sie sich auf das konzentrieren, was Sie tun wollen.<\/p>\r\n\t\t\t\t<\/div>\r\n\t\t\t\t<figure class=\"w60\"><img loading=\"lazy\" decoding=\"async\" src=\"\/struct\/wp-content\/uploads\/iot02_de.jpg\" alt=\"\" width=\"554\" height=\"234\" class=\"aligncenter size-full wp-image-187\" \/><\/figure>\r\n\t\t\t<\/div>\r\n\t\t\t<p>OPC (OPC Classic) ist ein Standard f\u00fcr die Prozesskommunikation, der 1996 von Siemens und den US-amerikanischen Unternehmen Honeywell und Microsoft verfasst wurde, um das Senden und Empfangen von Daten zwischen verschiedenen Ger\u00e4ten auch unterschiedlicher Hersteller zu erm\u00f6glichen. Dieser Standard verwendet Microsofts COM\/DCOM-Technologie und wurde unter der Voraussetzung geschaffen, in Windows-Umgebungen zu funktionieren. Seine technischen Merkmale sind von Anfang an daraufhin konzipiert, Interoperabilit\u00e4t mithilfe von Controller-Steuerung in Anlagen und Fabriken zu erlauben.<\/p>\r\n\t\t<\/div>\r\n\t\t<div class=\"h3box mb3\">\r\n\t\t\t<h3>Geburt von OPC UA<\/h3>\r\n\t\t\t<div class=\"flexbox\">\r\n\t\t\t\t<div class=\"w50\">\r\n\t\t\t\t\t<h4>Anstieg der Marktnachfrage (ab den 2000er Jahren)<\/h4>\r\n\t\t\t\t\t<ul class=\"disc\">\r\n\t\t\t\t\t\t<li>Zunehmende Funktionalit\u00e4t der Anwendungen<\/li>\r\n\t\t\t\t\t\t<li>Umfassende Optimierungen<\/li>\r\n\t\t\t\t\t\t<li>Multiplexing-Funktionen<\/li>\r\n\t\t\t\t\t\t<li>Erweiterte Nutzungsszenarien (von der Automation in andere Gesch\u00e4ftsbereiche<\/li>\r\n\t\t\t\t\t\t<li>Erh\u00f6hte Sicherheitsanforderungen gegen\u00fcber stetig voranschreitenden Bedrohungen<\/li>\r\n\t\t\t\t\t\t<li>Dilemma des Betriebs ausschlie\u00dflich in Windows-Umgebungen<\/li>\r\n\t\t\t\t\t<\/ul>\r\n\t\t\t\t<\/div>\r\n\t\t\t\t<figure class=\"w50\"><img loading=\"lazy\" decoding=\"async\" src=\"\/struct\/wp-content\/uploads\/iot03_de.jpg\" alt=\"\" width=\"554\" height=\"227\" class=\"aligncenter size-full wp-image-188\" \/><\/figure>\r\n\t\t\t<\/div>\r\n\t\t<\/div>\r\n\t\t<div class=\"h3box mb4\">\r\n\t\t\t<h3>Notwendigkeit von OPC UA<\/h3>\r\n\t\t\t<h4 class=\"mb2\">2 kritische Zwischenf\u00e4lle und IoTisierung als Gr\u00fcnde<\/h4>\r\n\t\t\t<b><span>2010:<\/span>Stuxnet-Cyberattacken auf Nukleareinrichtungen im Iran<\/b>\r\n\t\t\t<p class=\"mb1\">Kurz gesagt: Abgezielt auf speicherprogrammierbare Steuerungen (PLCs) der Firma Siemens\r\nSchaden: 8400 Zentrifugen wurden gekapert und allesamt betriebsuntauglich gemacht.<\/p>\r\n\t\t\t<b><span>2016:<\/span> Crashoverride-Cyberattacken auf Stromerzeugungsanlagen in der Ukraine<\/b>\r\n\t\t\t<p>Kurz gesagt: Malware, die gro\u00dfe Stromausf\u00e4lle verursachte\r\nSchaden: Im Nordteil der Hauptstadt Kiew ereignete sich ein ca. 75-min\u00fctiger Stromausfall, durch den mehrere Zehntausend Bewohner eine pechschwarze Nacht erleben mussten.<\/p>\r\n\t\t<\/div>\r\n\t<\/div>\r\n<\/section>","protected":false},"excerpt":{"rendered":"Bedeutung von OPC UA Erscheinen von OPC Classic Vor Erscheinen von OPC Classic Daten zwischen Ger\u00e4ten auf unte ...","protected":false},"author":2,"featured_media":173,"parent":529,"menu_order":200,"comment_status":"closed","ping_status":"closed","template":"page-nosidebar-fullthumb-h1.php","meta":{"_acf_changed":false,"_monsterinsights_skip_tracking":false,"_monsterinsights_sitenote_active":false,"_monsterinsights_sitenote_note":"","_monsterinsights_sitenote_category":0,"_locale":"de_DE","_original_post":"51","footnotes":""},"class_list":["post-535","page","type-page","status-publish","has-post-thumbnail","hentry","de-DE"],"acf":[],"aioseo_notices":[],"_links":{"self":[{"href":"https:\/\/ipuerto.co.jp\/wp-json\/wp\/v2\/pages\/535","targetHints":{"allow":["GET"]}}],"collection":[{"href":"https:\/\/ipuerto.co.jp\/wp-json\/wp\/v2\/pages"}],"about":[{"href":"https:\/\/ipuerto.co.jp\/wp-json\/wp\/v2\/types\/page"}],"author":[{"embeddable":true,"href":"https:\/\/ipuerto.co.jp\/wp-json\/wp\/v2\/users\/2"}],"replies":[{"embeddable":true,"href":"https:\/\/ipuerto.co.jp\/wp-json\/wp\/v2\/comments?post=535"}],"version-history":[{"count":2,"href":"https:\/\/ipuerto.co.jp\/wp-json\/wp\/v2\/pages\/535\/revisions"}],"predecessor-version":[{"id":736,"href":"https:\/\/ipuerto.co.jp\/wp-json\/wp\/v2\/pages\/535\/revisions\/736"}],"up":[{"embeddable":true,"href":"https:\/\/ipuerto.co.jp\/wp-json\/wp\/v2\/pages\/529"}],"wp:featuredmedia":[{"embeddable":true,"href":"https:\/\/ipuerto.co.jp\/wp-json\/wp\/v2\/media\/173"}],"wp:attachment":[{"href":"https:\/\/ipuerto.co.jp\/wp-json\/wp\/v2\/media?parent=535"}],"curies":[{"name":"wp","href":"https:\/\/api.w.org\/{rel}","templated":true}]}}