{"id":540,"date":"2022-04-23T15:39:36","date_gmt":"2022-04-23T06:39:36","guid":{"rendered":"https:\/\/ipuerto.co.jp\/?page_id=540"},"modified":"2022-05-17T10:56:29","modified_gmt":"2022-05-17T01:56:29","slug":"opc-ua03","status":"publish","type":"page","link":"https:\/\/ipuerto.co.jp\/de\/industry\/opc-ua03\/","title":{"rendered":"Entwicklung von OPC UA"},"content":{"rendered":"<section class=\"sec01\">\r\n\t<div>\r\n\t\t<h2>Entwicklung von OPC UA<\/h2>\r\n\t\t<p>Die gr\u00f6\u00dfte Aufgabe bei der Verwirklichung bzw. Implementierung der Industrie 4.0 bestand in der Standardisierung. Insbesondere gab es bei Ger\u00e4ten f\u00fcr die Industrie in vielen F\u00e4llen unterschiedliche propriet\u00e4re Standards f\u00fcr die Daten\u00fcbertragung; diese noch zus\u00e4tzlich mit IT-Systemen (z.B. dem Basissystem ERP) zu koppeln war besonders knifflig. Doch dann wurde OPC UA als zentrales Daten\u00fcbertragungsprotokoll f\u00fcr das IoT-Zeitalter eingef\u00fchrt, das mit seiner universellen Anwendbarkeit und hoher Flexibilit\u00e4t solche Aufgaben l\u00f6sen kann, wodurch auch die Anzahl verwandter Produkte weltweit explosionsartig anstieg.<\/p>\r\n\t\t<figure class=\"mb4\"><img loading=\"lazy\" decoding=\"async\" src=\"\/struct\/wp-content\/uploads\/iot11_de.jpg\" alt=\"\" width=\"1100\" height=\"946\" class=\"aligncenter size-full wp-image-192\" \/><\/figure>\r\n\t\t<div class=\"h3box\">\r\n\t\t\t<h3>Von immer mehr Organisationen anerkannt und empfohlen<\/h3>\r\n\t\t\t<figure><img loading=\"lazy\" decoding=\"async\" src=\"\/struct\/wp-content\/uploads\/iot12.gif\" alt=\"\" width=\"850\" height=\"72\" class=\"aligncenter size-full wp-image-193\" \/><\/figure>\r\n\t\t\t<figure><img loading=\"lazy\" decoding=\"async\" src=\"\/struct\/wp-content\/uploads\/iot13_de.jpg\" alt=\"\" width=\"1100\" height=\"810\" class=\"aligncenter size-full wp-image-194\" \/><\/figure>\r\n\t\t<\/div>\r\n\t\t<div class=\"h3box\">\r\n\t\t\t<h3>Zukunft von OPC UA<\/h3>\r\n\t\t\t<p>Indem nicht nur in der OT-Sph\u00e4re in Ihrem jeweiligen Arbeitsbereich, sondern auch bei bislang noch nie miteinander verbundenen Bereichen und Produkten die gemeinsame Nutzung und Kopplung von Daten m\u00f6glich geworden ist, sind auch v\u00f6llig neue Waren und Dienstleistungen entstanden.<\/p>\r\n\t\t\t<figure><img loading=\"lazy\" decoding=\"async\" src=\"\/struct\/wp-content\/uploads\/iot14_de.jpg\" alt=\"\" width=\"899\" height=\"953\" class=\"aligncenter size-full wp-image-195\" \/><\/figure>\r\n\t\t<\/div>\r\n\t<\/div>\r\n<\/section>","protected":false},"excerpt":{"rendered":"Entwicklung von OPC UA Die gr\u00f6\u00dfte Aufgabe bei der Verwirklichung bzw. Implementierung der Industrie 4.0 bestan ...","protected":false},"author":2,"featured_media":173,"parent":529,"menu_order":400,"comment_status":"closed","ping_status":"closed","template":"page-nosidebar-fullthumb-h1.php","meta":{"_acf_changed":false,"_monsterinsights_skip_tracking":false,"_monsterinsights_sitenote_active":false,"_monsterinsights_sitenote_note":"","_monsterinsights_sitenote_category":0,"_locale":"de_DE","_original_post":"56","footnotes":""},"class_list":["post-540","page","type-page","status-publish","has-post-thumbnail","hentry","de-DE"],"acf":[],"aioseo_notices":[],"_links":{"self":[{"href":"https:\/\/ipuerto.co.jp\/wp-json\/wp\/v2\/pages\/540","targetHints":{"allow":["GET"]}}],"collection":[{"href":"https:\/\/ipuerto.co.jp\/wp-json\/wp\/v2\/pages"}],"about":[{"href":"https:\/\/ipuerto.co.jp\/wp-json\/wp\/v2\/types\/page"}],"author":[{"embeddable":true,"href":"https:\/\/ipuerto.co.jp\/wp-json\/wp\/v2\/users\/2"}],"replies":[{"embeddable":true,"href":"https:\/\/ipuerto.co.jp\/wp-json\/wp\/v2\/comments?post=540"}],"version-history":[{"count":3,"href":"https:\/\/ipuerto.co.jp\/wp-json\/wp\/v2\/pages\/540\/revisions"}],"predecessor-version":[{"id":776,"href":"https:\/\/ipuerto.co.jp\/wp-json\/wp\/v2\/pages\/540\/revisions\/776"}],"up":[{"embeddable":true,"href":"https:\/\/ipuerto.co.jp\/wp-json\/wp\/v2\/pages\/529"}],"wp:featuredmedia":[{"embeddable":true,"href":"https:\/\/ipuerto.co.jp\/wp-json\/wp\/v2\/media\/173"}],"wp:attachment":[{"href":"https:\/\/ipuerto.co.jp\/wp-json\/wp\/v2\/media?parent=540"}],"curies":[{"name":"wp","href":"https:\/\/api.w.org\/{rel}","templated":true}]}}