{"id":551,"date":"2022-04-23T16:12:10","date_gmt":"2022-04-23T07:12:10","guid":{"rendered":"https:\/\/ipuerto.co.jp\/?page_id=551"},"modified":"2023-06-05T16:29:27","modified_gmt":"2023-06-05T07:29:27","slug":"ua-monitor","status":"publish","type":"page","link":"https:\/\/ipuerto.co.jp\/de\/products\/ua-monitor\/","title":{"rendered":"UA Monitor"},"content":{"rendered":"<section>\r\n<figure class=\"mb2\"><img loading=\"lazy\" decoding=\"async\" src=\"\/struct\/wp-content\/uploads\/PUERTO_UA_Monitor.png\" alt=\"\u753b\u50cf\uff1aPUERTO_UA_Monitor\" width=\"850\" height=\"130\" class=\"aligncenter size-full wp-image-285\" \/><\/figure>\r\n<div class=\"h3box\">\r\n<h3>UA Monitor<\/h3>\r\n<p>UA Monitor stellt eine Client-Software f\u00fcr OPC UA dar, die den Datenaustausch mit dem OPC UA-Server direkt in Microsoft Excel\u00ae vollf\u00fchrt.<\/p>\r\n<figure><img loading=\"lazy\" decoding=\"async\" src=\"\/struct\/wp-content\/uploads\/product-1-1024x365_de.jpg\" alt=\"UA Monitor\u69cb\u6210\u30a4\u30e1\u30fc\u30b8\" width=\"1024\" height=\"365\" class=\"aligncenter size-full wp-image-260\" \/><\/figure>\r\n<\/div>\r\n<div class=\"h3box\">\r\n<h3>Merkmale von UA Monitor<\/h3>\r\n<div class=\"flexbox max_w1000\">\r\n<figure class=\"w50\"><img loading=\"lazy\" decoding=\"async\" src=\"\/struct\/wp-content\/uploads\/product2a_de.jpg\" alt=\"\u753b\u50cf\uff1aMerkmale von UA Monitor\uff08Einlesen\uff09\" width=\"525\" height=\"286\" class=\"aligncenter size-full wp-image-261\" \/><\/figure>\r\n<figure class=\"w50\"><img loading=\"lazy\" decoding=\"async\" src=\"\/struct\/wp-content\/uploads\/product2b_de.jpg\" alt=\"\u753b\u50cf\uff1aMerkmale von UA Monitor\uff08Benutzerfreundlichkeit\uff09\" width=\"525\" height=\"286\" class=\"aligncenter size-full wp-image-262\" \/><\/figure>\r\n<\/div>\r\n<div class=\"flexbox max_w1000\">\r\n<figure class=\"w50\"><img loading=\"lazy\" decoding=\"async\" src=\"\/struct\/wp-content\/uploads\/product2c_de.jpg\" alt=\"\u753b\u50cf\uff1aMerkmale von UA Monitor\uff08Schreiben\uff09\" width=\"525\" height=\"286\" class=\"aligncenter size-full wp-image-263\" \/><\/figure>\r\n<figure class=\"w50\"><img loading=\"lazy\" decoding=\"async\" src=\"\/struct\/wp-content\/uploads\/product2d_de.jpg\" alt=\"\u753b\u50cf\uff1aMerkmale von UA Monitor\uff08Sicherheit\uff09\" width=\"525\" height=\"286\" class=\"aligncenter size-full wp-image-264\" \/><\/figure>\r\n<\/div>\r\n<\/div>\r\n<div class=\"h3box\">\r\n<h3>Ideal zur Steigerung von Betriebsabl\u00e4ufen und Effizienz<\/h3>\r\n<b>Im Grunde genommen handelt es sich um Excel.<\/b>\r\n<p>Nach der Verbindung mit dem OPC UA-Server kann der aus dem Alltag bereits an Excel gew\u00f6hnte Benutzer auf einfache Weise und v\u00f6llig frei damit arbeiten.<\/p>\r\n<picture> <source srcset=\"\/struct\/wp-content\/uploads\/product-c-1024x306_de.jpg\" media=\"(min-width:769px)\" \/> <img decoding=\"async\" src=\"\/struct\/wp-content\/uploads\/product-c-sp_de.jpg\" alt=\"\u753b\u50cf\uff1aSteigerung von Betriebsabl\u00e4ufen und Effizienz\" \/> <\/picture><\/div>\r\n<div class=\"h3box\">\r\n<h3>Verbindung mit dem OPC UA-Server in 4 Schritten<\/h3>\r\n<picture> <source srcset=\"\/struct\/wp-content\/uploads\/product-d-1024x194.jpg\" media=\"(min-width:769px)\" \/> <img decoding=\"async\" src=\"\/struct\/wp-content\/uploads\/product-d-sp.jpg\" alt=\"\u753b\u50cf\uff1aVerbindung mit dem OPC UA-Server in 4 Schritten\" \/> <\/picture><\/div>\r\n<div class=\"h3box\">\r\n<h3>Einfache Datenwiedergabe in Zellen und Diagrammen<\/h3>\r\n<picture> <source srcset=\"\/struct\/wp-content\/uploads\/product-e-1024x457.jpg\" media=\"(min-width:769px)\" \/> <img decoding=\"async\" src=\"\/struct\/wp-content\/uploads\/product-e-sp.jpg\" alt=\"\u753b\u50cf\uff1aEinfache Datenwiedergabe in Zellen und Diagrammen\" \/> <\/picture><\/div>\r\n<div class=\"h3box\">\r\n<h3>Unkomplizierte Datenkopplung und Funktionsaufrufe zum Server<\/h3>\r\n<picture> <source srcset=\"\/struct\/wp-content\/uploads\/product-f-1024x297.jpg\" media=\"(min-width:769px)\" \/> <img decoding=\"async\" src=\"\/struct\/wp-content\/uploads\/product-f-sp.jpg\" alt=\"\u753b\u50cf\uff1aUnkomplizierte Datenkopplung und Funktionsaufrufe zum Server\" \/> <\/picture><\/div>\r\n<div class=\"h3box\">\r\n<h3>Praxisbeispiele zur Einf\u00fchrung von UA Monitor<\/h3>\r\n<h4>Praxisbeispiel 1<\/h4>\r\n<p>Ein Benutzer mit einer Fertigungslinie f\u00fcr ein firmeneigenes Produkt gibt tagt\u00e4glich zu einer festen Uhrzeit die Produktionsleistung und Anzahl der M\u00e4ngel des Tages manuell ein und hat dazu ein Formular (Tagesbericht) erstellt, das aus dem Vergleich mit der Planung die Zielerf\u00fcllungsquote errechnet. Da die Prozesse in der Fertigungslinie jeweils mehrere PLCs verwenden, erforderte das Erstellen des Tagesberichtes viel Zeit, doch mit dem Ziel, diese Zeit zu verk\u00fcrzen, entschied er sich schlie\u00dflich zur Verwendung eines PLC mit OPC UA und von UA Monitor \u2013 eine Verbesserung der Betriebsabl\u00e4ufe, die den Arbeitsaufwand der Arbeitskr\u00e4fte deutlich reduziert hat.<\/p>\r\n<p>Durch die Verwendung einer Funktion, die die Einstellungen zur Verbindung mit dem Excel-Bildschirm von UA Monitor speichert und wiederherstellt, gen\u00fcgt es nun zur t\u00e4glich festgelegten Zeit Excel zu \u00f6ffnen \u2013 die Eingabe der Zahlenwerte f\u00fcr den Tagesbericht erfolgt dabei nicht mehr manuell, sondern automatisch. Zus\u00e4tzlich zur verk\u00fcrzten Formularerstellungsdauer werden hierdurch auch Fehler bei der Eingabe von Zahlenwerten vermieden; die Mitarbeiter k\u00f6nnen nun ihre Kr\u00e4fte auf die Eingaben in die Berichtsrubriken oder von Benachrichtigungen konzentrieren und somit noch leichter die Formulare erstellen. Da in der Fertigungslinie auch die Sicherheitsfunktionen von OPC UA verwendet werden, k\u00f6nnen selbstverst\u00e4ndlich auch alle Sicherheitsma\u00dfnahmen zur gleichen Zeit durchgef\u00fchrt werden.<\/p>\r\n<figure><img loading=\"lazy\" decoding=\"async\" src=\"\/struct\/wp-content\/uploads\/monitor_de.jpg\" alt=\"\u753b\u50cf\uff1aPraxisbeispiele zur Einf\u00fchrung von UA Monitor\" width=\"1024\" height=\"588\" class=\"aligncenter size-full wp-image-269\" \/><\/figure>\r\n<\/div>\r\n<div class=\"colorbox02 flexbox colorbox01 mb4 ai-center\">\r\n<div class=\"w50\"><b>Excel-Addon Smartes Business durch OPC UA-Clients PUERTO UA Recorder<\/b>\r\n<figure><img loading=\"lazy\" decoding=\"async\" src=\"https:\/\/ipuerto.co.jp\/struct\/wp-content\/uploads\/PUERTO_UA_Monitor.png\" alt=\"\u753b\u50cf\uff1aPUERTO_UA_Monitor\" width=\"850\" height=\"130\" class=\"wp-image-285 size-full aligncenter\" \/><\/figure>\r\n<\/div>\r\n<div class=\"w50\">\r\n<p class=\"button btn9 mb1\"><a href=\"https:\/\/www.ibress.com\/products\/UA_Monitor\/index.html\" rel=\"noopener\" target=\"_blank\">Zum Benutzerhandbuch f\u00fcr UA Monitor<\/a><\/p>\r\n<p class=\"button btn9\"><a href=\"https:\/\/ipuerto-en.myshopify.com\/\">Hier kaufen<\/a><\/p>\r\n<\/div>\r\n<\/div>\r\n<\/section>","protected":false},"excerpt":{"rendered":"UA Monitor UA Monitor stellt eine Client-Software f\u00fcr OPC UA dar, die den Datenaustausch mit dem OPC UA-Server ...","protected":false},"author":2,"featured_media":172,"parent":548,"menu_order":600,"comment_status":"closed","ping_status":"closed","template":"page-nosidebar-fullthumb-h1.php","meta":{"_acf_changed":false,"_monsterinsights_skip_tracking":false,"_monsterinsights_sitenote_active":false,"_monsterinsights_sitenote_note":"","_monsterinsights_sitenote_category":0,"_locale":"de_DE","_original_post":"61","footnotes":""},"class_list":["post-551","page","type-page","status-publish","has-post-thumbnail","hentry","de-DE"],"acf":[],"aioseo_notices":[],"_links":{"self":[{"href":"https:\/\/ipuerto.co.jp\/wp-json\/wp\/v2\/pages\/551","targetHints":{"allow":["GET"]}}],"collection":[{"href":"https:\/\/ipuerto.co.jp\/wp-json\/wp\/v2\/pages"}],"about":[{"href":"https:\/\/ipuerto.co.jp\/wp-json\/wp\/v2\/types\/page"}],"author":[{"embeddable":true,"href":"https:\/\/ipuerto.co.jp\/wp-json\/wp\/v2\/users\/2"}],"replies":[{"embeddable":true,"href":"https:\/\/ipuerto.co.jp\/wp-json\/wp\/v2\/comments?post=551"}],"version-history":[{"count":13,"href":"https:\/\/ipuerto.co.jp\/wp-json\/wp\/v2\/pages\/551\/revisions"}],"predecessor-version":[{"id":1050,"href":"https:\/\/ipuerto.co.jp\/wp-json\/wp\/v2\/pages\/551\/revisions\/1050"}],"up":[{"embeddable":true,"href":"https:\/\/ipuerto.co.jp\/wp-json\/wp\/v2\/pages\/548"}],"wp:featuredmedia":[{"embeddable":true,"href":"https:\/\/ipuerto.co.jp\/wp-json\/wp\/v2\/media\/172"}],"wp:attachment":[{"href":"https:\/\/ipuerto.co.jp\/wp-json\/wp\/v2\/media?parent=551"}],"curies":[{"name":"wp","href":"https:\/\/api.w.org\/{rel}","templated":true}]}}