{"id":556,"date":"2022-04-23T16:25:05","date_gmt":"2022-04-23T07:25:05","guid":{"rendered":"https:\/\/ipuerto.co.jp\/?page_id=556"},"modified":"2022-05-09T14:41:50","modified_gmt":"2022-05-09T05:41:50","slug":"ua-recorder","status":"publish","type":"page","link":"https:\/\/ipuerto.co.jp\/de\/products\/ua-recorder\/","title":{"rendered":"UA Recorder"},"content":{"rendered":"<section class=\"sec01\">\r\n\t<h2><figure><img loading=\"lazy\" decoding=\"async\" src=\"\/struct\/wp-content\/uploads\/PUERTO_UA_Recorder.png\" alt=\"\u753b\u50cf\uff1aPUERTO UA Recorder\" width=\"850\" height=\"130\" class=\"aligncenter size-full wp-image-275\" \/>\r\n<span class=\"jpnttl\">\u30d7\u30a8\u30eb\u30c8\u3000\u30e6\u30fc\u30a8\u30fc\u30ec\u30b3\u30fc\u30c0\u30fc<\/span><\/figure><\/h2>\r\n\t<div class=\"center-box\">\r\n\t\t<h2>Einfache Ausgabe von OPC UA-Serverdaten in CSV-Datenbanken<\/h2>\r\n\t\t<b class=\"b01\">Die Kopplung bestehender Systeme mit OPC UA-kompatiblen Ger\u00e4ten wird Wirklichkeit!<br>\r\nOPC UA-Daten k\u00f6nnen mit den verschiedensten Tools genutzt werden.<\/b>\r\n\t\t<figure class=\"mt3\"><img loading=\"lazy\" decoding=\"async\" src=\"\/struct\/wp-content\/uploads\/pUARecorder-01_de.jpg\" alt=\"\u753b\u50cf\uff1aOPC UA\u30b5\u30fc\u30d0\u306e\u30c7\u30fc\u30bf\u3092\u7c21\u5358\u306bCSV\uff65DB\u51fa\u529b\" width=\"928\" height=\"316\" class=\"aligncenter size-full wp-image-292\" \/><\/figure>\r\n\t\t<div class=\"shadow-box\">\r\n\t\t\t<p>PUERTO UA Recorder funktioniert als auf dem PC residenter und startender Agent.<br>\r\nEr kann auf einfache Weise OPC UA-Daten in Text- oder Datenbankformat von den OPC UA-Servern holen (oder dorthin ausgeben), die Ihre Roboter, CNC-Maschinen, PLCs usw. unterst\u00fctzen.<\/p>\r\n\t\t<\/div>\r\n\t<\/div>\r\n\t<div class=\"h3box\">\r\n\t\t<h3>PUERTO UA Recorder im \u00dcberblick<\/h3>\r\n\t\t<b>Die Kopplung bestehender Systeme mit OPC UA-kompatiblen Ger\u00e4ten wird Wirklichkeit!<\/b>\r\n\t\t<p>UA Recorder stellt eine einfachere Variante unseres Produktes UA Monitor dar, das in Excel\u00ae \u00fcber UA-Daten\u00fcbertragung Daten ein- und ausliest. Interessenten, die auf die Excel\u00ae-Funktionen verzichten k\u00f6nnen, ihre Daten einfach im Textformat ausgeben wollen oder denen es gen\u00fcgt, einfach nur Dateien ausgeben zu k\u00f6nnen, um eine Kopplung mit einem bestehenden System zu erreichen, erhalten damit eine vereinfachte Funktionalit\u00e4t durch Nutzung des f\u00fcr UA Monitor entwickelten Know-hows. Da UA Recorder von allen Ger\u00e4ten mit installierter OPC UA-Serverfunktion Daten einsammeln und im Text- oder Datenbankformat ausgeben kann, k\u00f6nnen Sie ihn auf beliebige Weise mit Ihren bereits vorhandenen Tools oder bestehenden Systemen koppeln.<\/p>\r\n\t<\/div>\r\n\t<div class=\"colorbox01 colorbox02 mb4\">\r\n\t\t<h3 class=\"mb1\">St\u00e4rken von PUERTO UA Recorder<\/h3>\r\n\t\t<div class=\"flexbox\">\r\n\t\t\t<ul class=\"w50 checklist\">\r\n\t\t\t\t<li>ClientCore als Kernst\u00fcck der Anwendung<\/li>\r\n\t\t\t\t<li>K\u00fcnftige Linux-Unterst\u00fctzung in Planung<\/li>\r\n\t\t\t\t<li>Ausstattung mit 1 Basislizenz zum Anschluss<\/li>\r\n\t\t\t\t<li>M\u00f6glichkeit zur Verbindung und Datenaustausch auch mit mehreren Servern (durch Erwerb zus\u00e4tzlicher Lizenzen)<\/li>\r\n\t\t\t\t<li>F\u00e4higkeit zur Datenausgabe in CSV- und Datenbankformaten<br>\r\n(aktuelle Unterst\u00fctzung f\u00fcr Access- und Microsoft SQL Server-Datenbanken)<\/li>\r\n\t\t\t\t<li>fortlaufend Bedarfsstudien und Hinzuf\u00fcgen weiterer kompatibler Datenbankformate in Planung<\/li>\r\n\t\t\t\t<li>F\u00e4higkeit zur Datenausgabe von mehreren Servern in einer einzelnen CSV-Datei<\/li>\r\n\t\t\t\t<li>ebenso F\u00e4higkeit zur Datenausgabe von mehreren Servern in jeweils separaten CSV-Dateien<\/li>\r\n\t\t\t<\/ul>\r\n\t\t\t<ul class=\"w50 checklist\">\r\n\t\t\t\t<li>F\u00e4higkeit zur Datenausgabe in Text- und Datenbankformat<\/li>\r\n\t\t\t\t<li>Datenabruf vom OPC UA-Server in Echtzeit<br>\r\n(mit einer Maximalgeschwindigkeit von 100 ms)<\/li>\r\n\t\t\t\t<li>unterst\u00fctzte Datenbankanwendungen: SQL Server <br>\r\n(fortlaufendes Hinzuf\u00fcgen weiterer kompatibler Datenbankformate in Planung)<\/li>\r\n\t\t\t\t<li>einfaches Erledigen der Einstellungen mit Drag & Drop<\/li>\r\n\t\t\t\t<li>Datenausgabe zu nach Zeitzyklus, Tag und Uhrzeit oder Wochentag festgelegten erforderlichen Terminen<\/li>\r\n\t\t\t<\/ul>\r\n\t\t<\/div>\r\n\t<\/div>\r\n\t<div class=\"h3box mb5\">\r\n\t\t<h3>Betriebsumgebung f\u00fcr PUERTO UA Recorder<\/h3>\r\n\t\t<p>Als Umgebung f\u00fcr den Betrieb von PUERTO UA Recorder empfehlen wir wie folgt.<br>\r\nWindows-Betriebssystem: Windows 10\/8.1\/8\/7<br>\r\nBibliothek f\u00fcr Abh\u00e4ngigkeiten: Microsoft .NET Framework 4.7.2<\/p>\r\n\t<\/div>\r\n<\/section>","protected":false},"excerpt":{"rendered":"\u30d7\u30a8\u30eb\u30c8\u3000\u30e6\u30fc\u30a8\u30fc\u30ec\u30b3\u30fc\u30c0\u30fc Einfache Ausgabe von OPC UA-Serverdaten in CSV-Datenbanken Die Kopplung bestehender Systeme mit ...","protected":false},"author":2,"featured_media":172,"parent":548,"menu_order":700,"comment_status":"closed","ping_status":"closed","template":"page-nosidebar-fullthumb-h1.php","meta":{"_acf_changed":false,"_monsterinsights_skip_tracking":false,"_monsterinsights_sitenote_active":false,"_monsterinsights_sitenote_note":"","_monsterinsights_sitenote_category":0,"_locale":"de_DE","_original_post":"63","footnotes":""},"class_list":["post-556","page","type-page","status-publish","has-post-thumbnail","hentry","de-DE"],"acf":[],"aioseo_notices":[],"_links":{"self":[{"href":"https:\/\/ipuerto.co.jp\/wp-json\/wp\/v2\/pages\/556","targetHints":{"allow":["GET"]}}],"collection":[{"href":"https:\/\/ipuerto.co.jp\/wp-json\/wp\/v2\/pages"}],"about":[{"href":"https:\/\/ipuerto.co.jp\/wp-json\/wp\/v2\/types\/page"}],"author":[{"embeddable":true,"href":"https:\/\/ipuerto.co.jp\/wp-json\/wp\/v2\/users\/2"}],"replies":[{"embeddable":true,"href":"https:\/\/ipuerto.co.jp\/wp-json\/wp\/v2\/comments?post=556"}],"version-history":[{"count":5,"href":"https:\/\/ipuerto.co.jp\/wp-json\/wp\/v2\/pages\/556\/revisions"}],"predecessor-version":[{"id":774,"href":"https:\/\/ipuerto.co.jp\/wp-json\/wp\/v2\/pages\/556\/revisions\/774"}],"up":[{"embeddable":true,"href":"https:\/\/ipuerto.co.jp\/wp-json\/wp\/v2\/pages\/548"}],"wp:featuredmedia":[{"embeddable":true,"href":"https:\/\/ipuerto.co.jp\/wp-json\/wp\/v2\/media\/172"}],"wp:attachment":[{"href":"https:\/\/ipuerto.co.jp\/wp-json\/wp\/v2\/media?parent=556"}],"curies":[{"name":"wp","href":"https:\/\/api.w.org\/{rel}","templated":true}]}}