{"id":561,"date":"2022-04-23T16:34:28","date_gmt":"2022-04-23T07:34:28","guid":{"rendered":"https:\/\/ipuerto.co.jp\/?page_id=561"},"modified":"2022-05-17T09:16:59","modified_gmt":"2022-05-17T00:16:59","slug":"contact_demo","status":"publish","type":"page","link":"https:\/\/ipuerto.co.jp\/de\/contact_demo\/","title":{"rendered":"Bestellformular f\u00fcr Software-Demo"},"content":{"rendered":"<section>\r\n<h2>Hier k\u00f6nnen Sie unsere Software-Demo von PUERTO UA Monitor kostenlos ausprobieren.<\/h2>\r\n<p>Bestellen Sie bitte sie mit diesem Formular. Wir senden Ihnen dann per E-Mail den Link zum Herunterladen.<\/p>\r\n<ul class=\"caution\">\r\n<li> Sie k\u00f6nnen die Software-Demo bis zu 900 Minuten lang (Laufzeit je Sitzung: 1 Stunde) verwenden.<\/li>\r\n<li>Bitte vermeiden Sie die Eingabe von modell-\/umgebungsabh\u00e4ngigen Sonderzeichen, z.B. den Doppelpunkt (:). Als Abk\u00fcrzung f\u00fcr \u201ekabushikigaisha\u201c verwenden Sie bitte \u201e\u682a\u201c in Klammern, also \u201e(\u682a)\u201c, statt des Einzelzeichens \u201e\u3231\u201c, oder aber \u201eK.K.\u201c.<\/li>\r\n<li>Falls Sie keine E-Mail in Ihrem Eingangsordner vorfinden, sehen Sie bitte auch im Spam-Ordner nach.<\/li>\r\n<\/ul>\r\n<\/section>\r\n\n<div class=\"wpcf7 no-js\" id=\"wpcf7-f757-o1\" lang=\"ja\" dir=\"ltr\" data-wpcf7-id=\"757\">\n<div class=\"screen-reader-response\"><p role=\"status\" aria-live=\"polite\" aria-atomic=\"true\"><\/p> <ul><\/ul><\/div>\n<form action=\"\/de\/wp-json\/wp\/v2\/pages\/561#wpcf7-f757-o1\" method=\"post\" class=\"wpcf7-form init\" aria-label=\"\u30b3\u30f3\u30bf\u30af\u30c8\u30d5\u30a9\u30fc\u30e0\" novalidate=\"novalidate\" data-status=\"init\">\n<fieldset class=\"hidden-fields-container\"><input type=\"hidden\" name=\"_wpcf7\" value=\"757\" \/><input type=\"hidden\" name=\"_wpcf7_version\" value=\"6.1.5\" \/><input type=\"hidden\" name=\"_wpcf7_locale\" value=\"ja\" \/><input type=\"hidden\" name=\"_wpcf7_unit_tag\" value=\"wpcf7-f757-o1\" \/><input type=\"hidden\" name=\"_wpcf7_container_post\" value=\"0\" \/><input type=\"hidden\" name=\"_wpcf7_posted_data_hash\" value=\"\" \/><input type=\"hidden\" name=\"_wpcf7_recaptcha_response\" value=\"\" \/>\n<\/fieldset>\n<table class=\"responsive\">\n\t<tbody>\n\t\t<tr>\n\t\t\t<th width=\"30%\">Name <span class=\"must\">erforderlich<\/span><\/th>\n\t\t\t<td><span class=\"wpcf7-form-control-wrap\" data-name=\"your-name\"><input size=\"40\" maxlength=\"400\" class=\"wpcf7-form-control wpcf7-text wpcf7-validates-as-required\" aria-required=\"true\" aria-invalid=\"false\" value=\"\" type=\"text\" name=\"your-name\" \/><\/span><\/td>\n\t\t<\/tr>\n\t\t<tr>\n\t\t\t<th>Firma <span class=\"must\">erforderlich<\/span><\/th>\n\t\t\t<td><span class=\"wpcf7-form-control-wrap\" data-name=\"your-office\"><input size=\"40\" maxlength=\"400\" class=\"wpcf7-form-control wpcf7-text wpcf7-validates-as-required\" aria-required=\"true\" aria-invalid=\"false\" value=\"\" type=\"text\" name=\"your-office\" \/><\/span><\/td>\n\t\t<\/tr>\n\t\t<tr>\n\t\t\t<th>Anschrift <span class=\"must\">erforderlich<\/span><\/th>\n\t\t\t<td><span class=\"wpcf7-form-control-wrap\" data-name=\"your-address\"><input size=\"40\" maxlength=\"400\" class=\"wpcf7-form-control wpcf7-text wpcf7-validates-as-required\" aria-required=\"true\" aria-invalid=\"false\" value=\"\" type=\"text\" name=\"your-address\" \/><\/span><\/td>\n\t\t<\/tr>\n\t\t<tr>\n\t\t\t<th>Telefonnummer<\/th>\n\t\t\t<td><span class=\"wpcf7-form-control-wrap\" data-name=\"your-phone\"><input size=\"40\" maxlength=\"400\" class=\"wpcf7-form-control wpcf7-tel wpcf7-text wpcf7-validates-as-tel\" aria-invalid=\"false\" value=\"\" type=\"tel\" name=\"your-phone\" \/><\/span><\/td>\n\t\t<\/tr>\n\t\t<tr>\n\t\t\t<th>E-Mail-Adresse <span class=\"must\">erforderlich<\/span><\/th>\n\t\t\t<td><span class=\"wpcf7-form-control-wrap\" data-name=\"your-email\"><input size=\"40\" maxlength=\"400\" class=\"wpcf7-form-control wpcf7-email wpcf7-validates-as-required wpcf7-text wpcf7-validates-as-email\" aria-required=\"true\" aria-invalid=\"false\" value=\"\" type=\"email\" name=\"your-email\" \/><\/span><\/td>\n\t\t<\/tr>\n\n\t\t<tr>\n\t\t\t<th>M\u00f6chten Sie unseren Newsletter erhalten?<\/th>\n\t\t\t<td><span class=\"wpcf7-form-control-wrap\" data-name=\"naiyou\"><span class=\"wpcf7-form-control wpcf7-checkbox\"><span class=\"wpcf7-list-item first last\"><label><input type=\"checkbox\" name=\"naiyou[]\" value=\"Ja\" checked=\"checked\" \/><span class=\"wpcf7-list-item-label\">Ja<\/span><\/label><\/span><\/span><\/span><\/td>\n\t\t<\/tr>\n\t\t<tr>\n\t\t\t<th><a href=\"\/en\/privacy\/\">Bitte lesen Sie hier unsere Richtlinien zur Behandlung personenbezogener Daten.<\/a> <span class=\"must\">erforderlich<\/span><\/th>\n\t\t\t<td><span class=\"wpcf7-form-control-wrap\" data-name=\"privacy\"><span class=\"wpcf7-form-control wpcf7-checkbox wpcf7-validates-as-required\"><span class=\"wpcf7-list-item first last\"><label><input type=\"checkbox\" name=\"privacy[]\" value=\"Ich bin mit der Weitergabe personenbezogener Daten im Rahmen der Richtlinien von Puerto einverstanden.\" \/><span class=\"wpcf7-list-item-label\">Ich bin mit der Weitergabe personenbezogener Daten im Rahmen der Richtlinien von Puerto einverstanden.<\/span><\/label><\/span><\/span><\/span><\/td>\n\t\t<\/tr>\n\t\t<tr>\n\t\t\t<th>Bitte lesen Sie hier die <a href=\"\/license\/\">\u201eLizenzberechtigungen\u201c<\/a>. <span class=\"must\">erforderlich<\/span><\/th>\n\t\t\t<td><span class=\"wpcf7-form-control-wrap\" data-name=\"license\"><span class=\"wpcf7-form-control wpcf7-checkbox wpcf7-validates-as-required\"><span class=\"wpcf7-list-item first last\"><label><input type=\"checkbox\" name=\"license[]\" value=\"Ich bin mit den Lizenzberechtigungen einverstanden.\" \/><span class=\"wpcf7-list-item-label\">Ich bin mit den Lizenzberechtigungen einverstanden.<\/span><\/label><\/span><\/span><\/span><\/td>\n\t\t<\/tr>\n\t\t<tr>\n\t\t\t<th>Authentifizierung (Captcha) <span class=\"must\">erforderlich<\/span><\/th>\n\t\t\t<td><span class=\"wpcf7-form-control-wrap recaptcha\" data-name=\"recaptcha\"><span data-sitekey=\"6LcUwAUlAAAAAMvuIPq1TjcV62MtV9q-IDoHSomH\" class=\"wpcf7-form-control wpcf7-recaptcha g-recaptcha\"><\/span>\r\n<noscript>\r\n\t<div class=\"grecaptcha-noscript\">\r\n\t\t<iframe loading=\"lazy\" src=\"https:\/\/www.google.com\/recaptcha\/api\/fallback?k=6LcUwAUlAAAAAMvuIPq1TjcV62MtV9q-IDoHSomH\" frameborder=\"0\" scrolling=\"no\" width=\"310\" height=\"430\">\r\n\t\t<\/iframe>\r\n\t\t<textarea name=\"g-recaptcha-response\" rows=\"3\" cols=\"40\" placeholder=\"reCaptcha \u30ec\u30b9\u30dd\u30f3\u30b9\u306f\u3053\u3061\u3089\">\r\n\t\t<\/textarea>\r\n\t<\/div>\r\n<\/noscript>\r\n<\/span><\/td>\n\t\t<\/tr>\n\t<\/tbody>\n<\/table>\n<div align=\"center\" class=\"linkBtn\"><input class=\"wpcf7-form-control wpcf7-submit has-spinner\" type=\"submit\" value=\"Absenden\" \/><\/div>\n\n<script>\n\tdocument.addEventListener( 'wpcf7mailsent', function( event ) {\n\tlocation = '\/de\/contact_demo\/thanks2\/';\n\t}, false );\n<\/script>\n<div class=\"wpcf7-response-output\" aria-hidden=\"true\"><\/div>\n<\/form>\n<\/div>\n","protected":false},"excerpt":{"rendered":"Hier k\u00f6nnen Sie unsere Software-Demo von PUERTO UA Monitor kostenlos ausprobieren. Bestellen Sie bitte sie mit ...","protected":false},"author":2,"featured_media":325,"parent":0,"menu_order":1400,"comment_status":"closed","ping_status":"closed","template":"page-nosidebar-fullthumb-h1.php","meta":{"_acf_changed":false,"_monsterinsights_skip_tracking":false,"_monsterinsights_sitenote_active":false,"_monsterinsights_sitenote_note":"","_monsterinsights_sitenote_category":0,"_locale":"de_DE","_original_post":"74","footnotes":""},"class_list":["post-561","page","type-page","status-publish","has-post-thumbnail","hentry","de-DE"],"acf":[],"aioseo_notices":[],"_links":{"self":[{"href":"https:\/\/ipuerto.co.jp\/wp-json\/wp\/v2\/pages\/561","targetHints":{"allow":["GET"]}}],"collection":[{"href":"https:\/\/ipuerto.co.jp\/wp-json\/wp\/v2\/pages"}],"about":[{"href":"https:\/\/ipuerto.co.jp\/wp-json\/wp\/v2\/types\/page"}],"author":[{"embeddable":true,"href":"https:\/\/ipuerto.co.jp\/wp-json\/wp\/v2\/users\/2"}],"replies":[{"embeddable":true,"href":"https:\/\/ipuerto.co.jp\/wp-json\/wp\/v2\/comments?post=561"}],"version-history":[{"count":4,"href":"https:\/\/ipuerto.co.jp\/wp-json\/wp\/v2\/pages\/561\/revisions"}],"predecessor-version":[{"id":775,"href":"https:\/\/ipuerto.co.jp\/wp-json\/wp\/v2\/pages\/561\/revisions\/775"}],"wp:featuredmedia":[{"embeddable":true,"href":"https:\/\/ipuerto.co.jp\/wp-json\/wp\/v2\/media\/325"}],"wp:attachment":[{"href":"https:\/\/ipuerto.co.jp\/wp-json\/wp\/v2\/media?parent=561"}],"curies":[{"name":"wp","href":"https:\/\/api.w.org\/{rel}","templated":true}]}}