{"id":563,"date":"2022-04-23T16:40:02","date_gmt":"2022-04-23T07:40:02","guid":{"rendered":"https:\/\/ipuerto.co.jp\/?page_id=563"},"modified":"2022-04-23T16:40:02","modified_gmt":"2022-04-23T07:40:02","slug":"privacy","status":"publish","type":"page","link":"https:\/\/ipuerto.co.jp\/de\/privacy\/","title":{"rendered":"Datenschutzrichtlinien"},"content":{"rendered":"<div class=\"max_w1100 mb4\">\r\n<p>Puerto Co., Ltd. (im Folgenden \u201edas Unternehmen\u201c) f\u00f6rdert den Schutz personenbezogener Daten, indem es die folgenden Datenschutzrichtlinien aufstellt, ein System zum Schutz personenbezogener Daten einrichtet und sicherstellt, dass sich alle Mitarbeiter der Bedeutung des Schutzes personenbezogener Daten bewusst sind und sich diesem Schutz verpflichtet f\u00fchlen.<\/p>\r\n<h2>Verwaltung personenbezogener Daten<\/h2>\r\n<p>Um die pers\u00f6nlichen Daten der Kunden korrekt und auf dem neuesten Stand zu halten und jeglichen unbefugten Zugriff auf personenbezogene Daten sowie deren Verlust, Besch\u00e4digung, Verf\u00e4lschung oder Weitergabe zu verhindern, ergreift das Unternehmen die erforderlichen Ma\u00dfnahmen zur Aufrechterhaltung eines Sicherheitssystems, zur Verbesserung seines Verwaltungssystems und zur gr\u00fcndlichen Schulung seiner Mitarbeiter und f\u00fchrt Sicherheitsma\u00dfnahmen und eine sorgf\u00e4ltige Verwaltung der personenbezogenen Daten ein.<\/p>\r\n<h2>Verwendungszwecke f\u00fcr personenbezogene Daten<\/h2>\r\n<p>Die von Kunden erhaltenen personenbezogenen Daten werden verwendet, um E-Mails und Materialien an Kunden zu senden, damit das Unternehmen mit ihnen in Verbindung bleiben, \u00fcber seine Dienstleistungen informieren und Kundenfragen beantworten kann.<\/p>\r\n<h2>Verbot der Offenlegung oder Weitergabe von personenbezogenen Daten an Dritte<\/h2>\r\n<p>Das Unternehmen verwaltet die von Kunden erhaltenen personenbezogenen Daten sachgem\u00e4\u00df und legt diese nicht gegen\u00fcber Dritten offen, wenn nicht einer der folgenden F\u00e4lle vorliegt: <\/p>\r\n<ol>\r\n<li>wenn das Einverst\u00e4ndnis des Kunden vorliegt,\/li>\r\n<li>bei der Weitergabe von personenbezogenen Daten an dritte Unternehmen, die f\u00fcr das Unternehmen Auftragsarbeiten ausf\u00fchren sollen, um die vom Kunden gew\u00fcnschten Dienstleistungen zu erbringen, und\/oder<\/li>\r\n<li>wenn eine Offenlegung aufgrund gesetzlicher Vorschriften oder rechtskr\u00e4ftiger Beschl\u00fcsse erforderlich ist.<\/li>\r\n<\/ol>\r\n<h2>Sicherheitsma\u00dfnahmen f\u00fcr personenbezogene Daten<\/h2>\r\n<p>Das Unternehmen ergreift alle m\u00f6glichen Sicherheitsma\u00dfnahmen, um die Richtigkeit und Sicherheit personenbezogener Daten zu gew\u00e4hrleisten.<\/p>\r\n<h2>Anfragen durch die betreffende Person<\/h2>\r\n<p>Wenn ein Kunde seine pers\u00f6nlichen Daten einsehen, berichtigen oder l\u00f6schen m\u00f6chte, wird das Unternehmen dem Wunsch nach Feststellung der Identit\u00e4t des Kunden nachkommen.<\/p>\r\n<h2>Strikte Einhaltung von Gesetzen, Vorschriften und Normen sowie \u00dcberpr\u00fcfung der Unternehmensrichtlinien<\/h2>\r\n<p>Das Unternehmen bem\u00fcht sich stets um striktes Befolgen der f\u00fcr die in seinem Besitz befindlichen personenbezogenen Daten einschl\u00e4gigen japanischen Gesetze, Vorschriften und sonstigen Normen sowie um \u00dcberpr\u00fcfung und Verbesserung der vorliegenden Richtlinien in regelm\u00e4\u00dfigen Abst\u00e4nden.<\/p>\r\n<h2>Kontakt<\/h2>\r\n<p>Bei Fragen zur Behandlung personenbezogener Daten durch unser Unternehmen wenden Sie sich bitte an:<\/p>\r\n<p>&nbsp;<\/p>\r\n<p>Puerto Co., Ltd.<br>\r\nAnschrift: #211, 1-4-2 Nakamachi, Machida City, Tokyo 194-0021, Japan<br>\r\nTelefon: +81-42-703-5819<\/p>\r\n<\/div>","protected":false},"excerpt":{"rendered":"Puerto Co., Ltd. (im Folgenden \u201edas Unternehmen\u201c) f\u00f6rdert den Schutz personenbezogener Daten, indem es die fol ...","protected":false},"author":2,"featured_media":174,"parent":0,"menu_order":1300,"comment_status":"closed","ping_status":"closed","template":"page-nosidebar-fullthumb-h1.php","meta":{"_acf_changed":false,"_monsterinsights_skip_tracking":false,"_monsterinsights_sitenote_active":false,"_monsterinsights_sitenote_note":"","_monsterinsights_sitenote_category":0,"_locale":"de_DE","_original_post":"30","footnotes":""},"class_list":["post-563","page","type-page","status-publish","has-post-thumbnail","hentry","de-DE"],"acf":[],"aioseo_notices":[],"_links":{"self":[{"href":"https:\/\/ipuerto.co.jp\/wp-json\/wp\/v2\/pages\/563","targetHints":{"allow":["GET"]}}],"collection":[{"href":"https:\/\/ipuerto.co.jp\/wp-json\/wp\/v2\/pages"}],"about":[{"href":"https:\/\/ipuerto.co.jp\/wp-json\/wp\/v2\/types\/page"}],"author":[{"embeddable":true,"href":"https:\/\/ipuerto.co.jp\/wp-json\/wp\/v2\/users\/2"}],"replies":[{"embeddable":true,"href":"https:\/\/ipuerto.co.jp\/wp-json\/wp\/v2\/comments?post=563"}],"version-history":[{"count":1,"href":"https:\/\/ipuerto.co.jp\/wp-json\/wp\/v2\/pages\/563\/revisions"}],"predecessor-version":[{"id":564,"href":"https:\/\/ipuerto.co.jp\/wp-json\/wp\/v2\/pages\/563\/revisions\/564"}],"wp:featuredmedia":[{"embeddable":true,"href":"https:\/\/ipuerto.co.jp\/wp-json\/wp\/v2\/media\/174"}],"wp:attachment":[{"href":"https:\/\/ipuerto.co.jp\/wp-json\/wp\/v2\/media?parent=563"}],"curies":[{"name":"wp","href":"https:\/\/api.w.org\/{rel}","templated":true}]}}