{"id":581,"date":"2022-04-23T17:00:29","date_gmt":"2022-04-23T08:00:29","guid":{"rendered":"https:\/\/ipuerto.co.jp\/?page_id=581"},"modified":"2022-05-27T14:53:42","modified_gmt":"2022-05-27T05:53:42","slug":"thanks","status":"publish","type":"page","link":"https:\/\/ipuerto.co.jp\/de\/contact\/thanks\/","title":{"rendered":"Ihr Anliegen Formular gesendet"},"content":{"rendered":"<section>\r\n<p>Das Formular wurde \u00fcbermittelt. <br \/>\r\nWir werden Sie kurz nach Best\u00e4tigung des Inhalts Ihrer Anfrage kontaktieren.<\/p>\r\n<p>Eine Best\u00e4tigungs-E-Mail wird an die angegebene E-Mail-Adresse gesendet, also \u00fcberpr\u00fcfen Sie diese bitte sorgf\u00e4ltig.<\/p>\r\n<p style=\"text-align: center; margin-top: 2em;\"><a href=\"\/\">&gt; Startseite &lt;<\/a><\/p>\r\n<\/section>","protected":false},"excerpt":{"rendered":"Das Formular wurde \u00fcbermittelt. Wir werden Sie kurz nach Best\u00e4tigung des Inhalts Ihrer Anfrage kontaktieren. E ...","protected":false},"author":2,"featured_media":325,"parent":579,"menu_order":0,"comment_status":"closed","ping_status":"closed","template":"page-nosidebar-fullthumb-h1.php","meta":{"_acf_changed":false,"_monsterinsights_skip_tracking":false,"_monsterinsights_sitenote_active":false,"_monsterinsights_sitenote_note":"","_monsterinsights_sitenote_category":0,"_locale":"de_DE","_original_post":"337","footnotes":""},"class_list":["post-581","page","type-page","status-publish","has-post-thumbnail","hentry","de-DE"],"acf":[],"aioseo_notices":[],"_links":{"self":[{"href":"https:\/\/ipuerto.co.jp\/wp-json\/wp\/v2\/pages\/581","targetHints":{"allow":["GET"]}}],"collection":[{"href":"https:\/\/ipuerto.co.jp\/wp-json\/wp\/v2\/pages"}],"about":[{"href":"https:\/\/ipuerto.co.jp\/wp-json\/wp\/v2\/types\/page"}],"author":[{"embeddable":true,"href":"https:\/\/ipuerto.co.jp\/wp-json\/wp\/v2\/users\/2"}],"replies":[{"embeddable":true,"href":"https:\/\/ipuerto.co.jp\/wp-json\/wp\/v2\/comments?post=581"}],"version-history":[{"count":5,"href":"https:\/\/ipuerto.co.jp\/wp-json\/wp\/v2\/pages\/581\/revisions"}],"predecessor-version":[{"id":873,"href":"https:\/\/ipuerto.co.jp\/wp-json\/wp\/v2\/pages\/581\/revisions\/873"}],"up":[{"embeddable":true,"href":"https:\/\/ipuerto.co.jp\/wp-json\/wp\/v2\/pages\/579"}],"wp:featuredmedia":[{"embeddable":true,"href":"https:\/\/ipuerto.co.jp\/wp-json\/wp\/v2\/media\/325"}],"wp:attachment":[{"href":"https:\/\/ipuerto.co.jp\/wp-json\/wp\/v2\/media?parent=581"}],"curies":[{"name":"wp","href":"https:\/\/api.w.org\/{rel}","templated":true}]}}