{"id":584,"date":"2022-04-23T17:04:47","date_gmt":"2022-04-23T08:04:47","guid":{"rendered":"https:\/\/ipuerto.co.jp\/?page_id=584"},"modified":"2022-05-25T12:11:51","modified_gmt":"2022-05-25T03:11:51","slug":"thanks2","status":"publish","type":"page","link":"https:\/\/ipuerto.co.jp\/de\/contact_demo\/thanks2\/","title":{"rendered":"Bestellung der Software-Demo beendet"},"content":{"rendered":"<p>Vielen Dank f\u00fcr Ihre Registrierung f\u00fcr unsere kostenlose Software-Demo von PUERTO UA Monitor.<br>\r\nDie f\u00fcr den Download erforderlichen Informationen haben wir Ihnen per E-Mail zugesendet.\r\nbitte best\u00e4tigen.<\/p>\r\n<p style=\"text-align: center; margin-top: 2em;\"><a href=\"\/\">&gt; Startseite &lt;<\/a><\/p>","protected":false},"excerpt":{"rendered":"Vielen Dank f\u00fcr Ihre Registrierung f\u00fcr unsere kostenlose Software-Demo von PUERTO UA Monitor. Die f\u00fcr den Down ...","protected":false},"author":2,"featured_media":325,"parent":561,"menu_order":0,"comment_status":"closed","ping_status":"closed","template":"page-nosidebar-fullthumb-h1.php","meta":{"_acf_changed":false,"_monsterinsights_skip_tracking":false,"_monsterinsights_sitenote_active":false,"_monsterinsights_sitenote_note":"","_monsterinsights_sitenote_category":0,"_locale":"de_DE","_original_post":"339","footnotes":""},"class_list":["post-584","page","type-page","status-publish","has-post-thumbnail","hentry","de-DE"],"acf":[],"aioseo_notices":[],"_links":{"self":[{"href":"https:\/\/ipuerto.co.jp\/wp-json\/wp\/v2\/pages\/584","targetHints":{"allow":["GET"]}}],"collection":[{"href":"https:\/\/ipuerto.co.jp\/wp-json\/wp\/v2\/pages"}],"about":[{"href":"https:\/\/ipuerto.co.jp\/wp-json\/wp\/v2\/types\/page"}],"author":[{"embeddable":true,"href":"https:\/\/ipuerto.co.jp\/wp-json\/wp\/v2\/users\/2"}],"replies":[{"embeddable":true,"href":"https:\/\/ipuerto.co.jp\/wp-json\/wp\/v2\/comments?post=584"}],"version-history":[{"count":2,"href":"https:\/\/ipuerto.co.jp\/wp-json\/wp\/v2\/pages\/584\/revisions"}],"predecessor-version":[{"id":848,"href":"https:\/\/ipuerto.co.jp\/wp-json\/wp\/v2\/pages\/584\/revisions\/848"}],"up":[{"embeddable":true,"href":"https:\/\/ipuerto.co.jp\/wp-json\/wp\/v2\/pages\/561"}],"wp:featuredmedia":[{"embeddable":true,"href":"https:\/\/ipuerto.co.jp\/wp-json\/wp\/v2\/media\/325"}],"wp:attachment":[{"href":"https:\/\/ipuerto.co.jp\/wp-json\/wp\/v2\/media?parent=584"}],"curies":[{"name":"wp","href":"https:\/\/api.w.org\/{rel}","templated":true}]}}